{"id":2,"date":"2011-10-16T20:15:09","date_gmt":"2011-10-16T20:15:09","guid":{"rendered":"http:\/\/www.katiabertone.com\/?page_id=2"},"modified":"2024-08-13T08:23:38","modified_gmt":"2024-08-13T07:23:38","slug":"pagina-di-esempio","status":"publish","type":"page","link":"http:\/\/www.katiabertone.com\/","title":{"rendered":"Benvenuti sul mio sito"},"content":{"rendered":"\n<p class=\"has-text-align-center\">Lascia che mi presenti a te, viaggiatore casuale di queste acque.<\/p>\n\n\n\n<p class=\"has-text-align-center\">Mi chiamo Katia Bertone e ho ventitr\u00e9 anni; dopo essermi diplomata al liceo classico, mi sono iscritta al corso di lettere antiche con l&#8217;intento di diventare un giorno una professoressa. Di me ti \u00e8 sufficiente sapere queste poche informazioni biografiche: le altre, quelle forse pi\u00f9 importanti, le troverai sparse in ci\u00f2 che pubblico, un po&#8217; per gioco un po&#8217; per sfida, in questo sito.<\/p>\n\n\n\n<p class=\"has-text-align-center\">Ti chiedo per favore di essere clemente con questi scritti, poich\u00e9 non hanno nessuna pretesa di grandezza: alcuni sono il mio grido d&#8217;amore silenzioso verso un mondo che mi chiama a descrivere la sua bellezza. Non posso e non riesco a sottrarmi a questa chiamata, ma non ho la presunzione di credere di riuscire in quest&#8217;impresa. Altri, invece, sono tartufi nascosti in me che, a furia di cercare, riesco a stanare e a portare alla luce.<\/p>\n\n\n\n<p class=\"has-text-align-center\">Pertanto ti chiedo scusa se ti sembro presuntuosa a volte: ti assicuro che non c&#8217;\u00e8 questa volont\u00e0.<\/p>\n\n\n\n<p class=\"has-text-align-center\">Ti auguro una buona permanenza in questa distesa ora tranquilla ora burrascosa: che tu possa continuare al meglio il tuo viaggio, dopo aver incrociato il mio!<\/p>\n\n\n\n<p><\/p>\n","protected":false},"excerpt":{"rendered":"<p>Lascia che mi presenti a te, viaggiatore casuale di queste acque. Mi chiamo Katia Bertone e ho ventitr\u00e9 anni; dopo essermi diplomata al liceo classico, mi sono iscritta al corso di lettere antiche con l&#8217;intento di diventare un giorno una professoressa. Di me ti \u00e8 sufficiente sapere queste poche informazioni biografiche: le altre, quelle forse &hellip; <\/p>\n<p class=\"link-more\"><a href=\"http:\/\/www.katiabertone.com\/\" class=\"more-link\">Leggi tutto<span class=\"screen-reader-text\"> &#8220;Benvenuti sul mio sito&#8221;<\/span><\/a><\/p>\n","protected":false},"author":1,"featured_media":0,"parent":0,"menu_order":0,"comment_status":"closed","ping_status":"closed","template":"","meta":{"_monsterinsights_skip_tracking":false,"_monsterinsights_sitenote_active":false,"_monsterinsights_sitenote_note":"","_monsterinsights_sitenote_category":0,"footnotes":""},"class_list":["post-2","page","type-page","status-publish","hentry"],"_links":{"self":[{"href":"http:\/\/www.katiabertone.com\/index.php?rest_route=\/wp\/v2\/pages\/2"}],"collection":[{"href":"http:\/\/www.katiabertone.com\/index.php?rest_route=\/wp\/v2\/pages"}],"about":[{"href":"http:\/\/www.katiabertone.com\/index.php?rest_route=\/wp\/v2\/types\/page"}],"author":[{"embeddable":true,"href":"http:\/\/www.katiabertone.com\/index.php?rest_route=\/wp\/v2\/users\/1"}],"replies":[{"embeddable":true,"href":"http:\/\/www.katiabertone.com\/index.php?rest_route=%2Fwp%2Fv2%2Fcomments&post=2"}],"version-history":[{"count":18,"href":"http:\/\/www.katiabertone.com\/index.php?rest_route=\/wp\/v2\/pages\/2\/revisions"}],"predecessor-version":[{"id":552,"href":"http:\/\/www.katiabertone.com\/index.php?rest_route=\/wp\/v2\/pages\/2\/revisions\/552"}],"wp:attachment":[{"href":"http:\/\/www.katiabertone.com\/index.php?rest_route=%2Fwp%2Fv2%2Fmedia&parent=2"}],"curies":[{"name":"wp","href":"https:\/\/api.w.org\/{rel}","templated":true}]}}